{"id":185,"date":"2021-04-24T16:13:03","date_gmt":"2021-04-24T16:13:03","guid":{"rendered":"https:\/\/hunt-art.hu\/?page_id=185"},"modified":"2021-10-06T20:58:59","modified_gmt":"2021-10-06T20:58:59","slug":"rolam","status":"publish","type":"page","link":"https:\/\/hunt-art.hu\/en\/","title":{"rendered":"About me"},"content":{"rendered":"<div id=\"pl-185\"  class=\"panel-layout\" ><div id=\"pg-185-0\"  class=\"panel-grid panel-no-style\" ><div id=\"pgc-185-0-0\"  class=\"panel-grid-cell panel-grid-cell-empty\" ><\/div><div id=\"pgc-185-0-1\"  class=\"panel-grid-cell panel-grid-cell-mobile-last\" ><div id=\"panel-185-0-1-0\" class=\"so-panel widget widget_sow-editor panel-first-child panel-last-child\" data-index=\"0\" ><div\n\t\t\t\n\t\t\tclass=\"so-widget-sow-editor so-widget-sow-editor-base\"\n\t\t\t\n\t\t>\n<div class=\"siteorigin-widget-tinymce textwidget\">\n\t<p>I have been working as a second-generation leather-goods maker for 25 years.\ns a leather worker, I inherited the love of my profession from my ancestors. My main profile is my own handmade hunting products and accessories and I have a significant experience in all areas of leather goods range. High quality is my main priority, that is why quality control between the various work phases during production is essential.<\/p>\n<p>My products are made for both domestic and foreign orders. Among my cooperating partners several manufacturers of raw materials and accessories of impeccable quality can be listed. You can count on me in the materialization of your exclusive and unique ideas, but you can also find plenty of exciting pieces in my reference works.<\/p>\n<p>I also take orders from your own materials, e.g. leather left over after making a trophy. Several matching accessories are available for each product.<\/p>\n<\/div>\n<\/div><\/div><\/div><div id=\"pgc-185-0-2\"  class=\"panel-grid-cell panel-grid-cell-empty\" ><\/div><\/div><div id=\"pg-185-1\"  class=\"panel-grid panel-no-style\" ><div id=\"pgc-185-1-0\"  class=\"panel-grid-cell panel-grid-cell-empty\" ><\/div><div id=\"pgc-185-1-1\"  class=\"panel-grid-cell panel-grid-cell-mobile-last\" ><div id=\"panel-185-1-1-0\" class=\"so-panel widget widget_sow-editor panel-first-child panel-last-child\" data-index=\"1\" ><div\n\t\t\t\n\t\t\tclass=\"so-widget-sow-editor so-widget-sow-editor-base\"\n\t\t\t\n\t\t>\n<div class=\"siteorigin-widget-tinymce textwidget\">\n\t<p>Inquire by phone:<\/p>\n<p><a href=\"tel:+36303060935\">+36 30 306 0935<\/a><\/p>\n<p>Or email:<\/p>\n<p><a href=\"mailto: huntartexclusive@gmail.com\">huntartexclusive@gmail.com<\/a><\/p>\n<p>&nbsp;<\/p>\n<\/div>\n<\/div><\/div><\/div><div id=\"pgc-185-1-2\"  class=\"panel-grid-cell panel-grid-cell-empty\" ><\/div><\/div><div id=\"pg-185-2\"  class=\"panel-grid panel-no-style\" ><div id=\"pgc-185-2-0\"  class=\"panel-grid-cell panel-grid-cell-empty\" ><\/div><div id=\"pgc-185-2-1\"  class=\"panel-grid-cell panel-grid-cell-mobile-last\" ><div id=\"panel-185-2-1-0\" class=\"so-panel widget widget_sow-editor panel-first-child panel-last-child\" data-index=\"2\" ><div\n\t\t\t\n\t\t\tclass=\"so-widget-sow-editor so-widget-sow-editor-base\"\n\t\t\t\n\t\t>\n<div class=\"siteorigin-widget-tinymce textwidget\">\n\t<p><a href=\"https:\/\/hunt-art.com\/impresszum\/\" rel=\"noopener\">Imprint<\/a><\/p>\n<\/div>\n<\/div><\/div><\/div><div id=\"pgc-185-2-2\"  class=\"panel-grid-cell panel-grid-cell-empty\" ><\/div><\/div><\/div>","protected":false},"excerpt":{"rendered":"<p>M\u00e1sodgener\u00e1ci\u00f3s b\u0151rd\u00edszm\u0171ves k\u00e9sz\u00edt\u0151k\u00e9nt 25 \u00e9ve tev\u00e9kenykedem a szakm\u00e1ban. A f\u0151 profilomat a saj\u00e1t k\u00e9zzel gy\u00e1rtott vad\u00e1szati term\u00e9kek \u00e9s kieg\u00e9sz\u00edt\u0151k adj\u00e1k,<\/p>\n<p><a href=\"https:\/\/hunt-art.hu\/en\/\" class=\"more-link\">Continue reading<span class=\"screen-reader-text\">About me<\/span><\/a><\/p>","protected":false},"author":1,"featured_media":0,"parent":0,"menu_order":0,"comment_status":"closed","ping_status":"closed","template":"","meta":{"footnotes":""},"class_list":["post-185","page","type-page","status-publish","hentry"],"yoast_head":"<!-- This site is optimized with the Yoast SEO plugin v27.6 - https:\/\/yoast.com\/product\/yoast-seo-wordpress\/ -->\n<title>R\u00f3lam - Hunt-Art<\/title>\n<meta name=\"robots\" content=\"index, follow, max-snippet:-1, max-image-preview:large, max-video-preview:-1\" \/>\n<link rel=\"canonical\" href=\"https:\/\/hunt-art.hu\/en\/\" \/>\n<meta property=\"og:locale\" content=\"en_US\" \/>\n<meta property=\"og:type\" content=\"article\" \/>\n<meta property=\"og:title\" content=\"R\u00f3lam - Hunt-Art\" \/>\n<meta property=\"og:description\" content=\"M\u00e1sodgener\u00e1ci\u00f3s b\u0151rd\u00edszm\u0171ves k\u00e9sz\u00edt\u0151k\u00e9nt 25 \u00e9ve tev\u00e9kenykedem a szakm\u00e1ban. A f\u0151 profilomat a saj\u00e1t k\u00e9zzel gy\u00e1rtott vad\u00e1szati term\u00e9kek \u00e9s kieg\u00e9sz\u00edt\u0151k adj\u00e1k,Continue readingR\u00f3lam\" \/>\n<meta property=\"og:url\" content=\"https:\/\/hunt-art.hu\/en\/\" \/>\n<meta property=\"og:site_name\" content=\"Hunt-Art\" \/>\n<meta property=\"article:modified_time\" content=\"2021-10-06T20:58:59+00:00\" \/>\n<meta name=\"twitter:card\" content=\"summary_large_image\" \/>\n<meta name=\"twitter:label1\" content=\"Est. reading time\" \/>\n\t<meta name=\"twitter:data1\" content=\"1 minute\" \/>\n<script type=\"application\/ld+json\" class=\"yoast-schema-graph\">{\"@context\":\"https:\\\/\\\/schema.org\",\"@graph\":[{\"@type\":\"WebPage\",\"@id\":\"https:\\\/\\\/hunt-art.hu\\\/\",\"url\":\"https:\\\/\\\/hunt-art.hu\\\/\",\"name\":\"R\u00f3lam - Hunt-Art\",\"isPartOf\":{\"@id\":\"https:\\\/\\\/hunt-art.hu\\\/#website\"},\"datePublished\":\"2021-04-24T16:13:03+00:00\",\"dateModified\":\"2021-10-06T20:58:59+00:00\",\"breadcrumb\":{\"@id\":\"https:\\\/\\\/hunt-art.hu\\\/#breadcrumb\"},\"inLanguage\":\"en-US\",\"potentialAction\":[{\"@type\":\"ReadAction\",\"target\":[\"https:\\\/\\\/hunt-art.hu\\\/\"]}]},{\"@type\":\"BreadcrumbList\",\"@id\":\"https:\\\/\\\/hunt-art.hu\\\/#breadcrumb\",\"itemListElement\":[{\"@type\":\"ListItem\",\"position\":1,\"name\":\"Home\",\"item\":\"https:\\\/\\\/hunt-art.hu\\\/\"},{\"@type\":\"ListItem\",\"position\":2,\"name\":\"R\u00f3lam\"}]},{\"@type\":\"WebSite\",\"@id\":\"https:\\\/\\\/hunt-art.hu\\\/#website\",\"url\":\"https:\\\/\\\/hunt-art.hu\\\/\",\"name\":\"Hunt-Art\",\"description\":\"\",\"publisher\":{\"@id\":\"https:\\\/\\\/hunt-art.hu\\\/#organization\"},\"potentialAction\":[{\"@type\":\"SearchAction\",\"target\":{\"@type\":\"EntryPoint\",\"urlTemplate\":\"https:\\\/\\\/hunt-art.hu\\\/?s={search_term_string}\"},\"query-input\":{\"@type\":\"PropertyValueSpecification\",\"valueRequired\":true,\"valueName\":\"search_term_string\"}}],\"inLanguage\":\"en-US\"},{\"@type\":\"Organization\",\"@id\":\"https:\\\/\\\/hunt-art.hu\\\/#organization\",\"name\":\"Hunt-Art\",\"url\":\"https:\\\/\\\/hunt-art.hu\\\/\",\"logo\":{\"@type\":\"ImageObject\",\"inLanguage\":\"en-US\",\"@id\":\"https:\\\/\\\/hunt-art.hu\\\/#\\\/schema\\\/logo\\\/image\\\/\",\"url\":\"https:\\\/\\\/i0.wp.com\\\/hunt-art.hu\\\/wp-content\\\/uploads\\\/2021\\\/05\\\/cropped-hunt-art-logo-1.png?fit=140%2C143&ssl=1\",\"contentUrl\":\"https:\\\/\\\/i0.wp.com\\\/hunt-art.hu\\\/wp-content\\\/uploads\\\/2021\\\/05\\\/cropped-hunt-art-logo-1.png?fit=140%2C143&ssl=1\",\"width\":140,\"height\":143,\"caption\":\"Hunt-Art\"},\"image\":{\"@id\":\"https:\\\/\\\/hunt-art.hu\\\/#\\\/schema\\\/logo\\\/image\\\/\"}}]}<\/script>\n<!-- \/ Yoast SEO plugin. -->","yoast_head_json":{"title":"R\u00f3lam - Hunt-Art","robots":{"index":"index","follow":"follow","max-snippet":"max-snippet:-1","max-image-preview":"max-image-preview:large","max-video-preview":"max-video-preview:-1"},"canonical":"https:\/\/hunt-art.hu\/en\/","og_locale":"en_US","og_type":"article","og_title":"R\u00f3lam - Hunt-Art","og_description":"M\u00e1sodgener\u00e1ci\u00f3s b\u0151rd\u00edszm\u0171ves k\u00e9sz\u00edt\u0151k\u00e9nt 25 \u00e9ve tev\u00e9kenykedem a szakm\u00e1ban. A f\u0151 profilomat a saj\u00e1t k\u00e9zzel gy\u00e1rtott vad\u00e1szati term\u00e9kek \u00e9s kieg\u00e9sz\u00edt\u0151k adj\u00e1k,Continue readingR\u00f3lam","og_url":"https:\/\/hunt-art.hu\/en\/","og_site_name":"Hunt-Art","article_modified_time":"2021-10-06T20:58:59+00:00","twitter_card":"summary_large_image","twitter_misc":{"Est. reading time":"1 minute"},"schema":{"@context":"https:\/\/schema.org","@graph":[{"@type":"WebPage","@id":"https:\/\/hunt-art.hu\/","url":"https:\/\/hunt-art.hu\/","name":"R\u00f3lam - Hunt-Art","isPartOf":{"@id":"https:\/\/hunt-art.hu\/#website"},"datePublished":"2021-04-24T16:13:03+00:00","dateModified":"2021-10-06T20:58:59+00:00","breadcrumb":{"@id":"https:\/\/hunt-art.hu\/#breadcrumb"},"inLanguage":"en-US","potentialAction":[{"@type":"ReadAction","target":["https:\/\/hunt-art.hu\/"]}]},{"@type":"BreadcrumbList","@id":"https:\/\/hunt-art.hu\/#breadcrumb","itemListElement":[{"@type":"ListItem","position":1,"name":"Home","item":"https:\/\/hunt-art.hu\/"},{"@type":"ListItem","position":2,"name":"R\u00f3lam"}]},{"@type":"WebSite","@id":"https:\/\/hunt-art.hu\/#website","url":"https:\/\/hunt-art.hu\/","name":"Hunt-Art","description":"","publisher":{"@id":"https:\/\/hunt-art.hu\/#organization"},"potentialAction":[{"@type":"SearchAction","target":{"@type":"EntryPoint","urlTemplate":"https:\/\/hunt-art.hu\/?s={search_term_string}"},"query-input":{"@type":"PropertyValueSpecification","valueRequired":true,"valueName":"search_term_string"}}],"inLanguage":"en-US"},{"@type":"Organization","@id":"https:\/\/hunt-art.hu\/#organization","name":"Hunt-Art","url":"https:\/\/hunt-art.hu\/","logo":{"@type":"ImageObject","inLanguage":"en-US","@id":"https:\/\/hunt-art.hu\/#\/schema\/logo\/image\/","url":"https:\/\/i0.wp.com\/hunt-art.hu\/wp-content\/uploads\/2021\/05\/cropped-hunt-art-logo-1.png?fit=140%2C143&ssl=1","contentUrl":"https:\/\/i0.wp.com\/hunt-art.hu\/wp-content\/uploads\/2021\/05\/cropped-hunt-art-logo-1.png?fit=140%2C143&ssl=1","width":140,"height":143,"caption":"Hunt-Art"},"image":{"@id":"https:\/\/hunt-art.hu\/#\/schema\/logo\/image\/"}}]}},"jetpack_sharing_enabled":true,"_links":{"self":[{"href":"https:\/\/hunt-art.hu\/en\/wp-json\/wp\/v2\/pages\/185","targetHints":{"allow":["GET"]}}],"collection":[{"href":"https:\/\/hunt-art.hu\/en\/wp-json\/wp\/v2\/pages"}],"about":[{"href":"https:\/\/hunt-art.hu\/en\/wp-json\/wp\/v2\/types\/page"}],"author":[{"embeddable":true,"href":"https:\/\/hunt-art.hu\/en\/wp-json\/wp\/v2\/users\/1"}],"replies":[{"embeddable":true,"href":"https:\/\/hunt-art.hu\/en\/wp-json\/wp\/v2\/comments?post=185"}],"version-history":[{"count":14,"href":"https:\/\/hunt-art.hu\/en\/wp-json\/wp\/v2\/pages\/185\/revisions"}],"predecessor-version":[{"id":646,"href":"https:\/\/hunt-art.hu\/en\/wp-json\/wp\/v2\/pages\/185\/revisions\/646"}],"wp:attachment":[{"href":"https:\/\/hunt-art.hu\/en\/wp-json\/wp\/v2\/media?parent=185"}],"curies":[{"name":"wp","href":"https:\/\/api.w.org\/{rel}","templated":true}]}}